{"id":11,"date":"2015-10-24T23:03:41","date_gmt":"2015-10-24T23:03:41","guid":{"rendered":"http:\/\/fladechantal.org\/fladechantal-wp\/?page_id=11"},"modified":"2015-11-23T15:34:28","modified_gmt":"2015-11-23T15:34:28","slug":"les-ateliers-de-chantal","status":"publish","type":"page","link":"http:\/\/fladechantal.org\/fladechantal-wp\/","title":{"rendered":"Inicio"},"content":{"rendered":"<p><a href=\"http:\/\/fladechantal.org\/fladechantal-wp\/wp-content\/uploads\/2015\/10\/photo-Chantal.jpg\"><img decoding=\"async\" loading=\"lazy\" class=\"size-medium wp-image-66 aligncenter\" src=\"http:\/\/fladechantal.org\/fladechantal-wp\/wp-content\/uploads\/2015\/10\/photo-Chantal-300x200.jpg\" alt=\"photo Chantal\" width=\"300\" height=\"200\" srcset=\"http:\/\/fladechantal.org\/fladechantal-wp\/wp-content\/uploads\/2015\/10\/photo-Chantal-300x200.jpg 300w, http:\/\/fladechantal.org\/fladechantal-wp\/wp-content\/uploads\/2015\/10\/photo-Chantal-451x300.jpg 451w, http:\/\/fladechantal.org\/fladechantal-wp\/wp-content\/uploads\/2015\/10\/photo-Chantal.jpg 800w\" sizes=\"(max-width: 300px) 100vw, 300px\" \/><\/a><\/p>\n<p style=\"text-align: center;\">Bienvenidos a la p\u00e1gina WEB de nuestra fundaci\u00f3n <strong>Les Ateliers de Chantal.<br \/>\n<\/strong>Estamos ubicados en la calle Pedro Justo Carri\u00f3n N\u00b0 64. Los Guayacanes, Rep\u00fablica Dominicana.<br \/>\nNuestro tel\u00e9fono es\u00a0809 526 3077 y nuestro correo electr\u00f3nico es\u00a0<a href=\"mailto:solaidom@yahoo.fr\">solaidom@yahoo.fr<br \/>\n<\/a>Estamos abiertos todos los d\u00edas de 9:00am a 12:30pm y de 3:00pm a 6:30pm.<\/p>\n<p style=\"text-align: center;\"><em><strong>Visite nuestra tienda solidaria<\/strong><\/em><br \/>\n<em> <strong>Venez visiter notre boutique solidaire<\/strong><\/em><br \/>\n<em> <strong>Come and visit our solidarity shop<\/strong><\/em><\/p>\n<p style=\"text-align: center;\"><strong>Domicilio de la fundaci\u00f3n<\/strong>: Calle Los Calamares N\u00b0 10-A, Miramar, Santo Domingo, D.N<br \/>\n<strong>RNC: 4-30-02659-1<\/strong><\/p>\n<p>&nbsp;<\/p>\n","protected":false},"excerpt":{"rendered":"<p>Bienvenidos a la p\u00e1gina WEB de nuestra fundaci\u00f3n Les Ateliers de Chantal. Estamos ubicados en la calle Pedro Justo Carri\u00f3n N\u00b0 64. Los Guayacanes, Rep\u00fablica Dominicana. Nuestro tel\u00e9fono es\u00a0809 526 3077 y nuestro correo electr\u00f3nico es\u00a0solaidom@yahoo.fr Estamos abiertos todos los &hellip; <a href=\"http:\/\/fladechantal.org\/fladechantal-wp\/\">Continue reading <span class=\"meta-nav\">&rarr;<\/span><\/a><\/p>\n","protected":false},"author":1,"featured_media":0,"parent":0,"menu_order":0,"comment_status":"closed","ping_status":"closed","template":"showcase.php","meta":[],"_links":{"self":[{"href":"http:\/\/fladechantal.org\/fladechantal-wp\/index.php?rest_route=\/wp\/v2\/pages\/11"}],"collection":[{"href":"http:\/\/fladechantal.org\/fladechantal-wp\/index.php?rest_route=\/wp\/v2\/pages"}],"about":[{"href":"http:\/\/fladechantal.org\/fladechantal-wp\/index.php?rest_route=\/wp\/v2\/types\/page"}],"author":[{"embeddable":true,"href":"http:\/\/fladechantal.org\/fladechantal-wp\/index.php?rest_route=\/wp\/v2\/users\/1"}],"replies":[{"embeddable":true,"href":"http:\/\/fladechantal.org\/fladechantal-wp\/index.php?rest_route=%2Fwp%2Fv2%2Fcomments&post=11"}],"version-history":[{"count":12,"href":"http:\/\/fladechantal.org\/fladechantal-wp\/index.php?rest_route=\/wp\/v2\/pages\/11\/revisions"}],"predecessor-version":[{"id":118,"href":"http:\/\/fladechantal.org\/fladechantal-wp\/index.php?rest_route=\/wp\/v2\/pages\/11\/revisions\/118"}],"wp:attachment":[{"href":"http:\/\/fladechantal.org\/fladechantal-wp\/index.php?rest_route=%2Fwp%2Fv2%2Fmedia&parent=11"}],"curies":[{"name":"wp","href":"https:\/\/api.w.org\/{rel}","templated":true}]}}