{"id":23,"date":"2015-10-24T23:23:12","date_gmt":"2015-10-24T23:23:12","guid":{"rendered":"http:\/\/fladechantal.org\/fladechantal-wp\/?page_id=23"},"modified":"2017-07-01T20:11:07","modified_gmt":"2017-07-01T20:11:07","slug":"documentos","status":"publish","type":"page","link":"http:\/\/fladechantal.org\/fladechantal-wp\/?page_id=23","title":{"rendered":"Documentos"},"content":{"rendered":"<p>En esta secci\u00f3n podr\u00e1 encontrar documentos relativos a la constituci\u00f3n y gesti\u00f3n de nuestra fundaci\u00f3n <strong>Les Ateliers de Chantal<\/strong>.<\/p>\n<ol>\n<li><a href=\"http:\/\/www.fladechantal.org\/documentos\/estatutos.pdf\" target=\"_blank\">Estatutos<\/a><\/li>\n<li><a href=\"http:\/\/www.fladechantal.org\/documentos\/incorporacion.pdf\" target=\"_blank\">Incorporaci\u00f3n<\/a><\/li>\n<li><a href=\"http:\/\/www.fladechantal.org\/documentos\/dgii.pdf\" target=\"_blank\">Inscripci\u00f3n en la DGII<\/a><\/li>\n<li><a href=\"http:\/\/www.fladechantal.org\/documentos\/RNC_tarjeta.pdf\" target=\"_blank\">Tarjeta de nuestro RNC<\/a><\/li>\n<li><a href=\"http:\/\/fladechantal.org\/fladechantal-wp\/wp-content\/uploads\/2015\/10\/FICHA-MIEMBROS.pdf\" target=\"_blank\">FICHA MIEMBROS<\/a><\/li>\n<li>Fiche d&#8217;adh\u00e9sion en fran\u00e7ais \u00a0<a href=\"http:\/\/fladechantal.org\/fladechantal-wp\/wp-content\/uploads\/2015\/10\/FICHE-MEMBRE.pdf\" target=\"_blank\">FICHE MEMBRE<\/a><\/li>\n<\/ol>\n<p>Actas<\/p>\n<ol>\n<li><a href=\"http:\/\/www.fladechantal.org\/actas\/CONSTITUTIVA2004.pdf\" target=\"_blank\">Asamblea Constitutiva 2004<\/a><\/li>\n<li><a href=\"http:\/\/www.fladechantal.org\/actas\/14_MAR_15.pdf\" target=\"_blank\">Asamblea General Ordinaria 14 de marzo 2015<\/a><\/li>\n<li><a href=\"http:\/\/www.fladechantal.org\/actas\/14_junio_2015.pdf\" target=\"_blank\">Asamblea General Ordinaria 14 junio 2015<\/a><\/li>\n<li><a href=\"http:\/\/fladechantal.org\/fladechantal-wp\/wp-content\/uploads\/2017\/02\/ACTA-AG-JULIO-2016.pdf\">Asamblea General Ordinaria julio 2016<\/a><\/li>\n<li><a href=\"http:\/\/fladechantal.org\/fladechantal-wp\/wp-content\/uploads\/2015\/10\/ACTA-AG-2017.pdf\" target=\"_blank\">Asamblea General Ordinaria junio 2017<\/a><\/li>\n<\/ol>\n<p>&nbsp;<\/p>\n<p>&nbsp;<\/p>\n","protected":false},"excerpt":{"rendered":"<p>En esta secci\u00f3n podr\u00e1 encontrar documentos relativos a la constituci\u00f3n y gesti\u00f3n de nuestra fundaci\u00f3n Les Ateliers de Chantal. Estatutos Incorporaci\u00f3n Inscripci\u00f3n en la DGII Tarjeta de nuestro RNC FICHA MIEMBROS Fiche d&#8217;adh\u00e9sion en fran\u00e7ais \u00a0FICHE MEMBRE Actas Asamblea Constitutiva &hellip; <a href=\"http:\/\/fladechantal.org\/fladechantal-wp\/?page_id=23\">Continue reading <span class=\"meta-nav\">&rarr;<\/span><\/a><\/p>\n","protected":false},"author":1,"featured_media":0,"parent":0,"menu_order":0,"comment_status":"closed","ping_status":"closed","template":"","meta":[],"_links":{"self":[{"href":"http:\/\/fladechantal.org\/fladechantal-wp\/index.php?rest_route=\/wp\/v2\/pages\/23"}],"collection":[{"href":"http:\/\/fladechantal.org\/fladechantal-wp\/index.php?rest_route=\/wp\/v2\/pages"}],"about":[{"href":"http:\/\/fladechantal.org\/fladechantal-wp\/index.php?rest_route=\/wp\/v2\/types\/page"}],"author":[{"embeddable":true,"href":"http:\/\/fladechantal.org\/fladechantal-wp\/index.php?rest_route=\/wp\/v2\/users\/1"}],"replies":[{"embeddable":true,"href":"http:\/\/fladechantal.org\/fladechantal-wp\/index.php?rest_route=%2Fwp%2Fv2%2Fcomments&post=23"}],"version-history":[{"count":15,"href":"http:\/\/fladechantal.org\/fladechantal-wp\/index.php?rest_route=\/wp\/v2\/pages\/23\/revisions"}],"predecessor-version":[{"id":126,"href":"http:\/\/fladechantal.org\/fladechantal-wp\/index.php?rest_route=\/wp\/v2\/pages\/23\/revisions\/126"}],"wp:attachment":[{"href":"http:\/\/fladechantal.org\/fladechantal-wp\/index.php?rest_route=%2Fwp%2Fv2%2Fmedia&parent=23"}],"curies":[{"name":"wp","href":"https:\/\/api.w.org\/{rel}","templated":true}]}}