{"id":39,"date":"2015-10-25T21:41:04","date_gmt":"2015-10-25T21:41:04","guid":{"rendered":"http:\/\/fladechantal.org\/fladechantal-wp\/?page_id=39"},"modified":"2017-07-01T19:42:37","modified_gmt":"2017-07-01T19:42:37","slug":"historia","status":"publish","type":"page","link":"http:\/\/fladechantal.org\/fladechantal-wp\/?page_id=39","title":{"rendered":"Historia"},"content":{"rendered":"<p><strong>\u00bfQui\u00e9n es Chantal?<\/strong><\/p>\n<p><strong>\u00a0<\/strong>La fundadora y presidente de la Fundaci\u00f3n es Chantal de Campos.<\/p>\n<p>Su nombre completo es Chantal Monique DE CAMPOS NAVARRO D\u2019ANDRADE y debe su apellido al origen portugu\u00e9s de su padre.<\/p>\n<p>Naci\u00f3 en Nantes, Francia, el 31 de julio de 1946 y realiz\u00f3 sus estudios primarios y segundarios en esta ciudad gradu\u00e1ndose de Bachiller en letras en el 1966.<\/p>\n<p>Estudi\u00f3 enfermer\u00eda\u00a0 y empez\u00f3 su vida productiva en Par\u00eds como enfermera privada.<\/p>\n<p>Durante sus vacaciones se desenvolv\u00eda como gu\u00eda tur\u00edstica en esta ciudad y pas\u00f3 una temporada en Londres trabajando como dibujante en una oficina de arquitectos.<\/p>\n<p>En el 1972 se cas\u00f3 con un joven m\u00e9dico dominicano que conoci\u00f3 en Par\u00eds, y naci\u00f3 el primer hijo de la pareja en el mismo a\u00f1o. El segundo hijo ser\u00e1 una ni\u00f1a que nacer\u00e1 en tierra dominicana.<\/p>\n<p>La familia se instal\u00f3 en la Rep\u00fablica Dominicana en el 1974 y ella empez\u00f3 a impartir clases de franc\u00e9s en la ALIANZA FRANCESA de Santo Domingo.<\/p>\n<p>En esta \u00e9poca no hab\u00eda gu\u00edas tur\u00edsticas en franc\u00e9s en la ciudad y ella fue solicitada para desempe\u00f1arse como tal en ocasi\u00f3n de la visita de un crucero franc\u00e9s.<\/p>\n<p>A medida que descubr\u00eda el pa\u00eds se apasionaba por su historia \u00a0y luego se inscribi\u00f3 en un curso de gu\u00eda tur\u00edstico para convertirse en gu\u00eda oficial.<\/p>\n<p>En los a\u00f1os 80, con el inicio del turismo franc\u00f3fono proviniendo de C\u00e1nada, siendo gu\u00eda oficial, fue escogida para ser representante y supervisora de los vuelos charters canadienses, actividad que realiz\u00f3 durante la d\u00e9cada.<br \/>\nPionera del turismo franc\u00e9s en la Rep\u00fablica Dominicana, junto a su esposo, Tirso Victoria, fund\u00f3 su propio Tour Operador -\u201cExotours\u201d- \u00a0con el cual promovi\u00f3 el turismo.<\/p>\n<p><strong>\u00bfC\u00f3mo naci\u00f3 la Fundaci\u00f3n?<\/strong><\/p>\n<p>A medida que conoc\u00eda las realidades de la vida en tierra dominicana, Chantal descubr\u00eda las necesidades del pueblo y se fue interesando en brindar ayuda de manera informal en algunas comunidades particularmente necesitadas. Hasta que el en junio del 2004 dio inicio formal a la Fundaci\u00f3n LES ATELIERS DE CHANTAL, la cual est\u00e1 incorporada\u00a0 por Decreto Presidencial N\u00b0 189 del 21 de marzo de 2005, con el RNC 430026591.<\/p>\n<p><em>Exotours<\/em> \u00a0se fue extinguiendo y Chantal sigui\u00f3 dando sus clases de franc\u00e9s y trabajando como gu\u00eda espor\u00e1dicamente, dedicando sus mejores energ\u00edas y sus escasos recursos a su Fundaci\u00f3n. En \u00e9sta, la ayudan amigos y familiares, voluntarios dominicanos y extranjeros temporales, aportando cada cual por el tiempo que puede, sus conocimientos, experiencias\u00a0 y habilidades, haciendo donaciones o buscando patrocinios.<\/p>\n<p><strong>\u00a0<\/strong>Hoy en d\u00eda, la Fundaci\u00f3n est\u00e1 concentrando sus acciones en las comunidades de Guayacanes y el Batey del Soco, y gracias a INFOTEP imparte formaciones\u00a0 t\u00e9cnicas a j\u00f3venes y adultos en el local construido para estos fines en Guayacanes (costura, emprendimiento de micro-empresa, contabilidad) y tambi\u00e9n en el Centro Comunitario del Batey El Soco (costura).<\/p>\n","protected":false},"excerpt":{"rendered":"<p>\u00bfQui\u00e9n es Chantal? \u00a0La fundadora y presidente de la Fundaci\u00f3n es Chantal de Campos. Su nombre completo es Chantal Monique DE CAMPOS NAVARRO D\u2019ANDRADE y debe su apellido al origen portugu\u00e9s de su padre. Naci\u00f3 en Nantes, Francia, el 31 &hellip; <a href=\"http:\/\/fladechantal.org\/fladechantal-wp\/?page_id=39\">Continue reading <span class=\"meta-nav\">&rarr;<\/span><\/a><\/p>\n","protected":false},"author":1,"featured_media":0,"parent":0,"menu_order":0,"comment_status":"closed","ping_status":"closed","template":"","meta":[],"_links":{"self":[{"href":"http:\/\/fladechantal.org\/fladechantal-wp\/index.php?rest_route=\/wp\/v2\/pages\/39"}],"collection":[{"href":"http:\/\/fladechantal.org\/fladechantal-wp\/index.php?rest_route=\/wp\/v2\/pages"}],"about":[{"href":"http:\/\/fladechantal.org\/fladechantal-wp\/index.php?rest_route=\/wp\/v2\/types\/page"}],"author":[{"embeddable":true,"href":"http:\/\/fladechantal.org\/fladechantal-wp\/index.php?rest_route=\/wp\/v2\/users\/1"}],"replies":[{"embeddable":true,"href":"http:\/\/fladechantal.org\/fladechantal-wp\/index.php?rest_route=%2Fwp%2Fv2%2Fcomments&post=39"}],"version-history":[{"count":2,"href":"http:\/\/fladechantal.org\/fladechantal-wp\/index.php?rest_route=\/wp\/v2\/pages\/39\/revisions"}],"predecessor-version":[{"id":120,"href":"http:\/\/fladechantal.org\/fladechantal-wp\/index.php?rest_route=\/wp\/v2\/pages\/39\/revisions\/120"}],"wp:attachment":[{"href":"http:\/\/fladechantal.org\/fladechantal-wp\/index.php?rest_route=%2Fwp%2Fv2%2Fmedia&parent=39"}],"curies":[{"name":"wp","href":"https:\/\/api.w.org\/{rel}","templated":true}]}}